{"id":51,"date":"2025-07-06T07:58:26","date_gmt":"2025-07-06T07:58:26","guid":{"rendered":"http:\/\/blog.madhubantimusic.com\/?page_id=51"},"modified":"2025-07-06T08:53:25","modified_gmt":"2025-07-06T08:53:25","slug":"temoignages","status":"publish","type":"page","link":"http:\/\/blog.madhubantimusic.com\/fr_fr\/temoignages\/","title":{"rendered":"T\u00e9moignages"},"content":{"rendered":"\r\n<p><strong>Laure Teyssendier<\/strong><\/p>\r\n\r\n\r\n\r\n<blockquote class=\"wp-block-quote is-layout-flow wp-block-quote-is-layout-flow\">\r\n<p>J\u2019ai suivi des cours de chant avec Madhubanti pour compl\u00e9ter ma formation en sarangi. Madhubanti est pr\u00e9cise et exigente, et son \u00e9coute et sa douceur m\u2019ont permis d\u2019avancer en confiance.<br \/>Tout aussi chaleureuse en pr\u00e9senciel qu\u2019en distanciel, Madhubanti propose un accompagnement personnalis\u00e9 aux attentes de chacun; Etre en apprentissage avec Madhubanti c\u2019est aussi \u00eatre accompagn\u00e9 vers la culture indienne gr\u00e2ce aux \u00e9changes de r\u00e9f\u00e9rences musicales et d\u2019\u00e9v\u00e9nements culturels qu\u2019elle partage r\u00e9guli\u00e8rement.\u00a0<\/p>\r\n\r\n\r\n\r\n<p>Quelle chance, merci Madhubanti!\u00a0<\/p>\r\n<\/blockquote>\r\n\r\n\r\n\r\n<p><strong>Sandrine Hanart\u00a0<\/strong><\/p>\r\n\r\n\r\n\r\n<blockquote class=\"wp-block-quote is-layout-flow wp-block-quote-is-layout-flow\">\r\n<p>L&rsquo;enseignement vocal de Madhubanti est pour moi d&rsquo;une grande justesse sa p\u00e9dagogie et son enthousiasme m\u2019ont permis de tisser le lien qui m&rsquo;est pr\u00e9cieux entre mon parcours de vocaliste vers le chant de l&rsquo;Inde. C\u2019est avec ferveur que je poursuis cette aventure par v\u00f4tre transmission. Merci Madhubanti.<br \/><br \/><\/p>\r\n<\/blockquote>\r\n<p class=\"p1\"><b>Arpita Kuila<\/b><\/p>\r\n<blockquote>\r\n<p class=\"p3\">Madhubanti est une chanteuse de musique classique que j\u2019admire depuis que nous \u00e9tions \u00e0 l\u2019universit\u00e9 ensemble. Plus tard, lorsque j\u2019ai enfin eu l\u2019occasion d\u2019apprendre la musique classique avec elle en ligne, j\u2019ai saut\u00e9 sur l\u2019occasion. Ce fut une exp\u00e9rience tr\u00e8s enrichissante pour moi. C\u2019est une enseignante engag\u00e9e \u00e0 \u00e9lever ses \u00e9l\u00e8ves. La profondeur de ses connaissances et sa sensibilit\u00e9 musicale permettent \u00e0 l\u2019\u00e9l\u00e8ve de puiser dans une richesse inestimable qui lui offre une base solide pour grandir. Je recommande vivement \u00e0 toute personne souhaitant apprendre la musique classique en profondeur de faire appel \u00e0 elle.<\/p>\r\n<\/blockquote>\r\n<p class=\"p1\"><b>Vinayak Holennavar<\/b><\/p>\r\n<blockquote>\r\n<p class=\"p3\">Madhubanti ji est probablement l\u2019une des meilleures enseignantes de musique classique hindoustanie en France. Sa ma\u00eetrise de la musique et son exp\u00e9rience en tant qu\u2019enseignante font d\u2019elle une Guru remarquable.<\/p>\r\n<p class=\"p3\">Je suis \u00e9l\u00e8ve de Madhubanti ji depuis novembre 2020. Apr\u00e8s quelques s\u00e9ances \u00e0 son domicile, nous avons d\u00fb passer \u00e0 un enseignement enti\u00e8rement \u00e0 distance. Au d\u00e9part, je n\u2019\u00e9tais pas s\u00fbr de pouvoir apprendre la musique \u00e0 distance. Je peux d\u00e9sormais t\u00e9moigner que les cours en pr\u00e9sentiel comme \u00e0 distance avec Madhubanti ji sont des exp\u00e9riences profond\u00e9ment enrichissantes, p\u00e9dagogiques et chaleureuses.<\/p>\r\n<p class=\"p3\">Madhubanti ji inspire, encourage et interagit avec ses \u00e9l\u00e8ves \u00e0 travers des le\u00e7ons, des exercices et des \u00e9changes qui r\u00e9sonnent et restent grav\u00e9s dans la m\u00e9moire.<\/p>\r\n<p class=\"p3\">Madhubanti ji collabore elle-m\u00eame avec de nombreux musiciens et artistes, ce qui ouvre diff\u00e9rentes voies et opportunit\u00e9s \u00e0 ses \u00e9l\u00e8ves.<\/p>\r\n<\/blockquote>\r\n<p class=\"p1\"><b>Mouri Majumdar<\/b><\/p>\r\n<blockquote>\r\n<p class=\"p3\">Mon enfant Shrihan Sarkar a 7 ans et il apprend la musique avec Madhubanti Didi depuis plus d\u2019un an maintenant. Apprendre la musique classique indienne avec Madhubanti Didi a \u00e9t\u00e9 une exp\u00e9rience transformatrice. Sa grande connaissance, sa patience et son d\u00e9vouement rendent chaque cours enrichissant pour mon fils. Les progr\u00e8s sont remarquables. M\u00eame si Shrihan apprend en ligne, Didi cr\u00e9e un lien profond avec lui. Son style d\u2019enseignement captivant rend l\u2019apprentissage \u00e0 la fois amusant et inspirant. Sa capacit\u00e9 \u00e0 enseigner les concepts complexes des ragas de mani\u00e8re simple a rendu l\u2019apprentissage de la musique classique indienne tr\u00e8s agr\u00e9able pour Shrihan. Nous sommes b\u00e9nis d\u2019avoir Madhubanti Didi comme Guru pour notre fils.<\/p>\r\n<\/blockquote>\r\n","protected":false},"excerpt":{"rendered":"<p>Laure Teyssendier J\u2019ai suivi des cours de chant avec Madhubanti pour compl\u00e9ter ma formation en sarangi. Madhubanti est pr\u00e9cise et exigente, et son \u00e9coute et sa douceur m\u2019ont permis d\u2019avancer en confiance.Tout aussi chaleureuse en pr\u00e9senciel qu\u2019en distanciel, Madhubanti propose un accompagnement personnalis\u00e9 aux attentes de chacun; Etre en apprentissage avec Madhubanti c\u2019est aussi \u00eatre &hellip; <\/p>\n","protected":false},"author":1,"featured_media":0,"parent":0,"menu_order":0,"comment_status":"closed","ping_status":"closed","template":"","meta":{"footnotes":""},"class_list":["post-51","page","type-page","status-publish","hentry"],"_links":{"self":[{"href":"http:\/\/blog.madhubantimusic.com\/fr_fr\/wp-json\/wp\/v2\/pages\/51","targetHints":{"allow":["GET"]}}],"collection":[{"href":"http:\/\/blog.madhubantimusic.com\/fr_fr\/wp-json\/wp\/v2\/pages"}],"about":[{"href":"http:\/\/blog.madhubantimusic.com\/fr_fr\/wp-json\/wp\/v2\/types\/page"}],"author":[{"embeddable":true,"href":"http:\/\/blog.madhubantimusic.com\/fr_fr\/wp-json\/wp\/v2\/users\/1"}],"replies":[{"embeddable":true,"href":"http:\/\/blog.madhubantimusic.com\/fr_fr\/wp-json\/wp\/v2\/comments?post=51"}],"version-history":[{"count":4,"href":"http:\/\/blog.madhubantimusic.com\/fr_fr\/wp-json\/wp\/v2\/pages\/51\/revisions"}],"predecessor-version":[{"id":69,"href":"http:\/\/blog.madhubantimusic.com\/fr_fr\/wp-json\/wp\/v2\/pages\/51\/revisions\/69"}],"wp:attachment":[{"href":"http:\/\/blog.madhubantimusic.com\/fr_fr\/wp-json\/wp\/v2\/media?parent=51"}],"curies":[{"name":"wp","href":"https:\/\/api.w.org\/{rel}","templated":true}]}}