{"id":8,"date":"2025-07-05T05:54:18","date_gmt":"2025-07-05T05:54:18","guid":{"rendered":"http:\/\/blog.madhubantimusic.com\/?page_id=8"},"modified":"2025-07-08T11:31:14","modified_gmt":"2025-07-08T11:31:14","slug":"biographie","status":"publish","type":"page","link":"http:\/\/blog.madhubantimusic.com\/fr_fr\/biographie\/","title":{"rendered":"Biographie"},"content":{"rendered":"\r\n<p>Issue d\u2019une famille de musiciens de Calcutta (Inde), Madhubanti a \u00e9t\u00e9 initi\u00e9e \u00e0 la musique classique de l\u2019Inde du Nord (style Hindustani) d\u00e8s son enfance par son p\u00e8re, Goutam Kumar Sarkar, chanteur de Kheyal \/ Thumri, disciple du grand ma\u00eetre Pandit Jnan Prakash Ghosh. Dipl\u00f4m\u00e9e de Sangeet Visharadh Upadhi, Madhubanti a \u00e9t\u00e9 form\u00e9 au Kheyal par M. Santanu Bandyopadhyay (c\u00e9l\u00e8bre ma\u00eetre de Vishunupur Gharana) et au genre semi-classique par Mme Dalia Rahut, digne repr\u00e9sentante de l\u2019Ecole de Benares Gharana. Gr\u00e2ce \u00e0 sa formation musicale riche et diversifi\u00e9e, Madhubanti ma\u00eetrise le genre classique comme le kheyal ainsi que des genres semi-classiques tels que le thumri, le dadra, le chaiti, le kajari ou le bhajan.<\/p>\r\n<p>&nbsp;<\/p>\r\n<p><img loading=\"lazy\" decoding=\"async\" class=\"size-large wp-image-127 aligncenter\" src=\"http:\/\/blog.madhubantimusic.com\/wp-content\/uploads\/2025\/07\/Madhubanti_Sarkar-2-11-1024x678.jpg\" alt=\"\" width=\"780\" height=\"516\" srcset=\"http:\/\/blog.madhubantimusic.com\/wp-content\/uploads\/2025\/07\/Madhubanti_Sarkar-2-11-1024x678.jpg 1024w, http:\/\/blog.madhubantimusic.com\/wp-content\/uploads\/2025\/07\/Madhubanti_Sarkar-2-11-300x199.jpg 300w, http:\/\/blog.madhubantimusic.com\/wp-content\/uploads\/2025\/07\/Madhubanti_Sarkar-2-11-768x509.jpg 768w, http:\/\/blog.madhubantimusic.com\/wp-content\/uploads\/2025\/07\/Madhubanti_Sarkar-2-11-1536x1018.jpg 1536w, http:\/\/blog.madhubantimusic.com\/wp-content\/uploads\/2025\/07\/Madhubanti_Sarkar-2-11-18x12.jpg 18w, http:\/\/blog.madhubantimusic.com\/wp-content\/uploads\/2025\/07\/Madhubanti_Sarkar-2-11.jpg 1899w\" sizes=\"auto, (max-width: 780px) 100vw, 780px\" \/><\/p>\r\n\r\n\r\n\r\n\r\n\r\n<p>Actuellement install\u00e9e dans la r\u00e9gion lyonnaise, elle a effectu\u00e9 plusieurs tourn\u00e9es musicales en France, en Allemagne, au Pays Bas, en Suisse et recemment au Maroc. Madhubanti a eu l\u2019occasion de chanter dans le cadre d\u2019une grande soir\u00e9e musicale organis\u00e9e lors de la visite du Premier ministre indien, Monsieur Narendra Modi en France et a \u00e9t\u00e9 pleinement appr\u00e9ci\u00e9e par plus de 3000 mille spectateurs.<\/p>\r\n\r\n\r\n\r\n<p>Madhubanti a \u00e9galement chant\u00e9 en 2019 au festival prestigieux, Festival Magazine Rythmes du Monde \u00e0 Rabat au Maroc dans le cadre d\u2019un spectacle de danse Kathak de la danseuse, Sharmila Sharma. La compagnie de musqiue renomm\u00e9 de Calcutta, Bihaan Music a sortie son premier album \u00e0 Calcutta en Inde en 2016.<\/p>\r\n\r\n\r\n\r\n<p>Des opportunit\u00e9s de carri\u00e8re dans le domaine de la formation linguistique (fran\u00e7ais et anglais) ont amen\u00e9 Madhubanti en France, o\u00f9 elle a occup\u00e9 plusieurs postes respectables. Cependant, la musique est rest\u00e9e sa plus grande passion. Avec des exp\u00e9riences aussi vari\u00e9es que ses nombreux talents, Madhubanti s\u2019efforce de faire conna\u00eetre la musique classique et la culture indiennes en Europe, non seulement en tant qu\u2019artiste mais aussi en tant que formatrice musicale. Gr\u00e2ce \u00e0 ses cours de musique, elle esp\u00e8re apporter un \u00e9change m\u00e9lodieux entre deux cultures diff\u00e9rentes. En tant que conseill\u00e8re artistique pour Tin \u2013 Tal, une association culturelle franco-indienne, elle s\u2019efforce de cr\u00e9er des dialogues interculturels \u00e0 travers le langage universel de la musique.<\/p>\r\n\r\n\r\n\r\n<p><strong>Gourous de la musique:<\/strong><\/p>\r\n\r\n\r\n\r\n<p>Outre son p\u00e8re, Madhubanti a re\u00e7u une formation dans le genre classique pur indien (Kheyal) de Sri Santanu Bandyopadhyay de Bishnupur Gharana. Par la suite, Madhubanti a \u00e9t\u00e9 plac\u00e9e sous la tutelle de Srimati Dalia Rahut, une figure renomm\u00e9e de la Benaras Gharana et l\u2019une des principales disciples de Vidushi Girija Devi.<\/p>\r\n\r\n\r\n\r\n<p><strong>Accolades:<\/strong><\/p>\r\n\r\n\r\n\r\n<p>Premi\u00e8re position en Thumri lors d\u2019un concours organis\u00e9 par l\u2019Acad\u00e9mie de musique de l\u2019\u00c9tat du Bengale occidental (Rajya Sangeet Academy).<br \/>Premi\u00e8re position en musique classique l\u00e9g\u00e8re bengalie lors d\u2019un concours organis\u00e9 par l\u2019Acad\u00e9mie de musique de l\u2019\u00c9tat du Bengale occidental (Rajya Sangeet Academy).<br \/>Premi\u00e8re position en musique classique l\u00e9g\u00e8re bengalie dans les concours de recherche de talents organis\u00e9s par la Doverlane Music Conference Competition.<br \/>Deuxi\u00e8me position en Thumri dans les concours de recherche de talents organis\u00e9s par la Doverlane Music Conference Competition.<\/p>\r\n\r\n\r\n\r\n<p><strong>Repr\u00e9sentations publiques:<\/strong><\/p>\r\n\r\n\r\n\r\n<p>Madhubanti s\u2019est produite pour la premi\u00e8re fois en public \u00e0 l\u2019\u00e2ge de 6 ans \u00e0 la All India Radio (AIR). Elle a ensuite continu\u00e9 \u00e0 se produire lors d\u2019innombrables programmes musicaux pour enfants organis\u00e9s par AIR et Doordarshan (cha\u00eene de t\u00e9l\u00e9vision nationale indienne) pendant plusieurs ann\u00e9es.<br \/>En outre, Madhubanti s\u2019est produite dans des spectacles \u00e0 Calcutta organis\u00e9s par la West State Music Academy pour les jeunes talents et le Biswa Banga Sammelan \u00e0 Kolkata.<\/p>\r\n\r\n\r\n\r\n<p>Madhubanti s\u2019est produite lors de nombreux concerts en France et en Europe, dont celui de la r\u00e9ception de la communaut\u00e9 indienne organis\u00e9e \u00e0 l\u2019occasion de la visite du Premier ministre indien, M. Narendra Modi, \u00e0 Paris en 2015. Sa performance a \u00e9t\u00e9 immens\u00e9ment appr\u00e9ci\u00e9e par plus de 3000 personnes r\u00e9unies lors de la r\u00e9ception organis\u00e9e \u00e0 l\u2019auditorium du mus\u00e9e du Louvre \u00e0 Paris.<\/p>\r\n\r\n\r\n\r\n<p>En 2019, Madhubanti a particip\u00e9 \u00e0 l\u2019un des plus grands festivals internationaux de musique au monde, le Festival Mawazine, qui s\u2019est tenu \u00e0 Rabat, au Maroc.<\/p>\r\n\r\n\r\n\r\n<p><strong>Albums de musique:<\/strong><\/p>\r\n\r\n\r\n\r\n<p>Madhubanti a chant\u00e9 pour plusieurs albums produits par des maisons de disques fran\u00e7aises. La musique indienne : la danse du d\u00e9mon (Gallimard, 2010), Voyages et rencontres en Inde ([Muret] : Association internationale Enfance et d\u00e9couvertes,2006).<\/p>\r\n\r\n\r\n\r\n<p>Son premier album de musique solo \u201cShruti Sringar\u201d a \u00e9t\u00e9 publi\u00e9 par la c\u00e9l\u00e8bre soci\u00e9t\u00e9 de musique de Kolkata, Bihaan Music, en 2016.<\/p>\r\n","protected":false},"excerpt":{"rendered":"<p>Issue d\u2019une famille de musiciens de Calcutta (Inde), Madhubanti a \u00e9t\u00e9 initi\u00e9e \u00e0 la musique classique de l\u2019Inde du Nord (style Hindustani) d\u00e8s son enfance par son p\u00e8re, Goutam Kumar Sarkar, chanteur de Kheyal \/ Thumri, disciple du grand ma\u00eetre Pandit Jnan Prakash Ghosh. Dipl\u00f4m\u00e9e de Sangeet Visharadh Upadhi, Madhubanti a \u00e9t\u00e9 form\u00e9 au Kheyal &hellip; <\/p>\n","protected":false},"author":1,"featured_media":0,"parent":0,"menu_order":0,"comment_status":"closed","ping_status":"closed","template":"","meta":{"footnotes":""},"class_list":["post-8","page","type-page","status-publish","hentry"],"_links":{"self":[{"href":"http:\/\/blog.madhubantimusic.com\/fr_fr\/wp-json\/wp\/v2\/pages\/8","targetHints":{"allow":["GET"]}}],"collection":[{"href":"http:\/\/blog.madhubantimusic.com\/fr_fr\/wp-json\/wp\/v2\/pages"}],"about":[{"href":"http:\/\/blog.madhubantimusic.com\/fr_fr\/wp-json\/wp\/v2\/types\/page"}],"author":[{"embeddable":true,"href":"http:\/\/blog.madhubantimusic.com\/fr_fr\/wp-json\/wp\/v2\/users\/1"}],"replies":[{"embeddable":true,"href":"http:\/\/blog.madhubantimusic.com\/fr_fr\/wp-json\/wp\/v2\/comments?post=8"}],"version-history":[{"count":6,"href":"http:\/\/blog.madhubantimusic.com\/fr_fr\/wp-json\/wp\/v2\/pages\/8\/revisions"}],"predecessor-version":[{"id":139,"href":"http:\/\/blog.madhubantimusic.com\/fr_fr\/wp-json\/wp\/v2\/pages\/8\/revisions\/139"}],"wp:attachment":[{"href":"http:\/\/blog.madhubantimusic.com\/fr_fr\/wp-json\/wp\/v2\/media?parent=8"}],"curies":[{"name":"wp","href":"https:\/\/api.w.org\/{rel}","templated":true}]}}